{"id":954,"date":"2017-10-12T13:09:56","date_gmt":"2017-10-12T13:09:56","guid":{"rendered":"http:\/\/griffinworks.ca\/fr\/?page_id=954"},"modified":"2017-11-20T02:13:43","modified_gmt":"2017-11-20T02:13:43","slug":"griffinworks-faq","status":"publish","type":"page","link":"https:\/\/griffinworks.ca\/fr\/griffinworks-faq\/","title":{"rendered":"Griffinworks FAQ"},"content":{"rendered":"<div class=\"row row-edge  \" >\r\n\r\n<div class=\"col-md-12 col-xs-offset-0 col-sm-offset-0 col-md-offset-0 col-lg-offset-0 col-xs-pull-0 col-sm-pull-0 col-md-pull-0 col-lg-pull-0 col-xs-push-0 col-sm-push-0 col-md-push-0 col-lg-push-0 site-content\">\r\n\r\n<section class=\"parallax-box image-parallax-box \" style=\"min-height: 300px\"><div class=\"parallax-content\">\r\n<div class=\"landing-title\">FAQ \u2013 Foire aux questions<\/div>\r\n<div class=\"clear\"><\/div><\/div><div class=\"parallax-bg\" data-parallax-type=\"image\" data-img-url=\"http:\/\/griffinworks.ca\/fr\/wp-content\/uploads\/sites\/3\/2017\/08\/portrait_2-e1507823549354.jpg\" data-speed=\"1.5\" data-invert=\"\" ><\/div><\/section>\r\n\r\n<\/div>\r\n\r\n<\/div>\r\n\r\n<div class=\"row row-edge  \" >\r\n\r\n<div class=\"col-md-12 col-xs-offset-0 col-sm-offset-0 col-md-offset-0 col-lg-offset-0 col-xs-pull-0 col-sm-pull-0 col-md-pull-0 col-lg-pull-0 col-xs-push-0 col-sm-push-0 col-md-push-0 col-lg-push-0\">\r\n\r\n<div class=\"motopress-code-obj motopress-margin-bottom-50\">\r\n<h1 class=\"content-title\">Qu\u2019est-ce qui rend les produits de Griffinworks diff\u00e9rents\u00a0?<\/h1>\r\n<div class=\"content-p\">\r\n\r\nL\u2019id\u00e9e compl\u00e8te derri\u00e8re Griffinworks est de produire des meubles de style \u00ab\u00a0r\u00e9tro-industriel\u00a0\u00bb pratiques, faits de bois de palette et d\u2019acier recycl\u00e9s, de mani\u00e8re \u00e0 rendre hommage au riche pass\u00e9 industriel du quartier Griffintown de Montr\u00e9al. Le bois et l\u2019acier sont les deux mat\u00e9riaux de base qui \u00e9taient utilis\u00e9s par les travailleurs et les usines qui op\u00e9raient \u00e0 Griffintown durant la r\u00e9volution industrielle de Montr\u00e9al, du Qu\u00e9bec et du Canada durant la deuxi\u00e8me moiti\u00e9 du 19e si\u00e8cle.\r\n\r\n<\/div>\r\n<h1 class=\"content-title\">Pourquoi acheter un produit Griffinworks\u00a0?<\/h1>\r\n<div class=\"content-p\">Quiconque ach\u00e8te une pi\u00e8ce d\u2019ameublement de Griffinworks d\u00e9clare qu\u2019il comprend, reconna\u00eet et valorise l\u2019importance de Griffintown dans l\u2019histoire de Montr\u00e9al, du Qu\u00e9bec et du Canada. Pour saluer et consolider ce lien avec le pass\u00e9, chaque article d\u2019ameublement est incrust\u00e9 d\u2019un \u00ab\u00a0m\u00e9daillon d\u2019authenticit\u00e9 Griffinworks\u00a0\u00bb bien visible. Vous pourriez \u00e9galement \u00eatre concern\u00e9 par l\u2019utilisation durable du bois et de l\u2019acier industriel brut recycl\u00e9s\/r\u00e9cup\u00e9r\u00e9s. Ou vous pourriez simplement aimer le style industriel chic et l\u2019allure des mod\u00e8les de Griffinworks! C\u2019est \u00e9galement tr\u00e8s bien!<\/div>\r\n<h1 class=\"content-title\">Comment puis-je acheter une pi\u00e8ce d\u2019ameublement Griffinworks\u00a0?<\/h1>\r\n<div class=\"content-p\">Puisque chaque produit de Griffinworks est personnalis\u00e9, un \u00e0 la fois, nous ne prenons que les commandes en ligne. Les mod\u00e8les de prototypes montr\u00e9s sur le site Web doivent \u00eatre utilis\u00e9s comme guide pour formuler votre commande. Pour de plus amples renseignements sur les commandes en ligne, veuillez vous diriger sur <a href=\"http:\/\/griffinworks.ca\/fr\/how-to-order\/\">http:\/\/griffinworks.ca\/fr\/how-to-order\/<\/a>.<\/div>\r\n<h1 class=\"content-title\">O\u00f9 puis-je voir tous les mod\u00e8les\/produits de Griffinworks\u00a0?<\/h1>\r\n<div class=\"content-p\">Pour rendre les commandes plus simples, Griffinworks a cr\u00e9\u00e9 des prototypes de meubles g\u00e9n\u00e9riques pour vous aider \u00e0 formuler votre commande de meubles. Vous pouvez voir des photos et des sp\u00e9cifications d\u00e9taill\u00e9es pour tous les produits sur <a href=\"http:\/\/griffinworks.ca\/fr\/furnitures\/\">http:\/\/griffinworks.ca\/fr\/furnitures\/<\/a><\/div>\r\n<h1 class=\"content-title\">Dois-je laisser un acompte \u00a0?<\/h1>\r\n<div class=\"content-p\">Oui, parce que ce sont des articles fabriqu\u00e9s de mani\u00e8re personnalis\u00e9e, un acompte de 50\u00a0% est requis pour les commandes de tous les produits Griffinworks. Lorsque vous commandez par le panier du site Web, assurez-vous d\u2019utiliser le code rabais deposit50\u00a0pour payer seulement l\u2019acompte de 50\u00a0%. Autrement, le montant complet vous sera r\u00e9clam\u00e9 lorsque vous passerez votre commande. Pour acc\u00e9der au panier, dirigez-vous vers <a href=\"http:\/\/griffinworks.ca\/fr\/furnitures\/\">http:\/\/griffinworks.ca\/fr\/furnitures\/<\/a><\/div>\r\n<h1 class=\"content-title\">Et si j\u2019ai besoin de plus de renseignements ou je veux discuter des d\u00e9tails\u00a0?<\/h1>\r\n<div class=\"content-p\">Si vous ne trouvez pas ce que vous voulez sur le site Web ou si vous avez des questions suppl\u00e9mentaires, veuillez vous diriger \u00e0 la page suivante et nous envoyer votre question: <a href=\"http:\/\/griffinworks.ca\/fr\/contact\/\">http:\/\/griffinworks.ca\/fr\/contact\/<\/a>. Nous vous r\u00e9pondrons dans un d\u00e9lai de 24\u00a0heures ou moins.<\/div>\r\n<h1 class=\"content-title\">Griffinworks poss\u00e8de-t-elle un magasin ou une salle d\u2019exposition\u00a0?<\/h1>\r\n<div class=\"content-p\">Non, Griffinworks n\u2019a pas de magasin traditionnel. Le mod\u00e8le d\u2019entreprise actuel fonctionne en utilisant uniquement un magasin en ligne. Toutefois, si vous d\u00e9sirez voir les prototypes de Griffinworks de pr\u00e8s (c.-\u00e0-d., ceux sur le site Web), des arrangements peuvent \u00eatre faits pour vous faire faire une visite de notre installation de Griffintown o\u00f9 les prototypes sont situ\u00e9s. Pour prendre rendez-vous, veuillez communiquer avec nous au\u00a0: <a href=\"http:\/\/griffinworks.ca\/fr\/contact\/\">http:\/\/griffinworks.ca\/fr\/contact\/<\/a><\/div>\r\n<h1 class=\"content-title\">O\u00f9 les produits Griffinworks sont-ils fabriqu\u00e9s\u00a0?<\/h1>\r\n<div class=\"content-p\">Tous les produits Griffinworks sont con\u00e7us, cr\u00e9\u00e9s et entrepos\u00e9s \u00e0 Griffintown, alors que la fabrication r\u00e9elle a lieu en bas du canal de Lachine, dans le quartier Saint-Henri, \u00e0 l\u2019atelier Helios-Makerspace. Des arrangements peuvent \u00eatre pris pour vous faire visiter cette installation en communiquant avec nous par\u00a0: <a href=\"http:\/\/griffinworks.ca\/fr\/contact\/\">http:\/\/griffinworks.ca\/fr\/contact\/<\/a><\/div>\r\n<h1 class=\"content-title\">Et la livraison ou l\u2019exp\u00e9dition\u00a0?<\/h1>\r\n<div class=\"content-p\">Griffinworks a \u00e9t\u00e9 cr\u00e9\u00e9e pour desservir principalement la grande r\u00e9gion de Montr\u00e9al. La livraison est donc gratuite partout dans un rayon de 25\u00a0km de l\u2019\u00eele de Montr\u00e9al, ou vous pouvez venir chercher votre commande si vous pr\u00e9f\u00e9rez. Des arrangements peuvent \u00eatre faits pour livrer ou exp\u00e9dier les produits ailleurs, au cas par cas. Si vous avez des exigences ou des questions particuli\u00e8res sur la livraison ou l\u2019exp\u00e9dition, veuillez communiquer avec nous au\u00a0: <a href=\"http:\/\/griffinworks.ca\/fr\/contact\/\">http:\/\/griffinworks.ca\/fr\/contact\/<\/a><\/div>\r\n<h1 class=\"content-title\">Combien de temps faut-il pour que je re\u00e7oive ma commande\u00a0?<\/h1>\r\n<div class=\"content-p\">Lorsque votre commande a \u00e9t\u00e9 trait\u00e9e par le site Web (acompte de 50\u00a0% requis), votre commande devrait normalement \u00eatre compl\u00e9t\u00e9e et pr\u00eate pour la livraison dans un d\u00e9lai de deux \u00e0 trois semaines. Vous recevrez un courriel vous avisant du d\u00e9lai de traitement pr\u00e9vu une fois votre acompte re\u00e7u.<\/div>\r\n<h1 class=\"content-title\">D\u2019autres questions ou pr\u00e9occupations\u00a0?<\/h1>\r\n<div class=\"content-p\">Si vous n\u2019avez pas trouv\u00e9 les r\u00e9ponses \u00e0 vos questions ou pr\u00e9occupations ci-dessus ou ailleurs sur le site Web, veuillez nous les faire parvenir au\u00a0: <a href=\"http:\/\/griffinworks.ca\/fr\/contact\/\">http:\/\/griffinworks.ca\/fr\/contact\/<\/a><\/div>\r\n<\/div>\r\n\r\n<\/div>\r\n\r\n<\/div>","protected":false},"excerpt":{"rendered":"FAQ \u2013 Foire aux questions Qu\u2019est-ce qui rend les produits de Griffinworks diff\u00e9rents\u00a0? L\u2019id\u00e9e compl\u00e8te derri\u00e8re Griffinworks est de produire des meubles de style \u00ab\u00a0r\u00e9tro-industriel\u00a0\u00bb pratiques, faits de bois de palette et d\u2019acier recycl\u00e9s, de mani\u00e8re \u00e0 rendre hommage au riche pass\u00e9 industriel du quartier Griffintown de Montr\u00e9al. Le bois et l\u2019acier sont les deux","protected":false},"author":2,"featured_media":0,"parent":0,"menu_order":0,"comment_status":"closed","ping_status":"closed","template":"","meta":{"footnotes":""},"class_list":["post-954","page","type-page","status-publish","hentry"],"_links":{"self":[{"href":"https:\/\/griffinworks.ca\/fr\/wp-json\/wp\/v2\/pages\/954","targetHints":{"allow":["GET"]}}],"collection":[{"href":"https:\/\/griffinworks.ca\/fr\/wp-json\/wp\/v2\/pages"}],"about":[{"href":"https:\/\/griffinworks.ca\/fr\/wp-json\/wp\/v2\/types\/page"}],"author":[{"embeddable":true,"href":"https:\/\/griffinworks.ca\/fr\/wp-json\/wp\/v2\/users\/2"}],"replies":[{"embeddable":true,"href":"https:\/\/griffinworks.ca\/fr\/wp-json\/wp\/v2\/comments?post=954"}],"version-history":[{"count":7,"href":"https:\/\/griffinworks.ca\/fr\/wp-json\/wp\/v2\/pages\/954\/revisions"}],"predecessor-version":[{"id":1000,"href":"https:\/\/griffinworks.ca\/fr\/wp-json\/wp\/v2\/pages\/954\/revisions\/1000"}],"wp:attachment":[{"href":"https:\/\/griffinworks.ca\/fr\/wp-json\/wp\/v2\/media?parent=954"}],"curies":[{"name":"wp","href":"https:\/\/api.w.org\/{rel}","templated":true}]}}