{"id":9,"date":"2017-07-17T14:07:24","date_gmt":"2017-07-17T14:07:24","guid":{"rendered":"http:\/\/griffinworks.ca\/fr\/?page_id=9"},"modified":"2017-11-20T02:09:13","modified_gmt":"2017-11-20T02:09:13","slug":"example","status":"publish","type":"page","link":"https:\/\/griffinworks.ca\/fr\/","title":{"rendered":"home"},"content":{"rendered":"<div class=\"row row-edge  \" >\r\n\r\n<div class=\"col-md-12 col-xs-offset-0 col-sm-offset-0 col-md-offset-0 col-lg-offset-0 col-xs-pull-0 col-sm-pull-0 col-md-pull-0 col-lg-pull-0 col-xs-push-0 col-sm-push-0 col-md-push-0 col-lg-push-0\">\r\n\r\n<div class=\"motopress-code-obj\">\r\n\r\n\r\n\r\n<\/div>\r\n\r\n<\/div>\r\n\r\n<\/div>\r\n\r\n<div class=\"row row-edge  \" >\r\n\r\n<div class=\"col-md-12 col-xs-offset-0 col-sm-offset-0 col-md-offset-0 col-lg-offset-0 col-xs-pull-0 col-sm-pull-0 col-md-pull-0 col-lg-pull-0 col-xs-push-0 col-sm-push-0 col-md-push-0 col-lg-push-0\">\r\n\r\n<div class=\"motopress-code-obj motopress-margin-top-20 motopress-margin-bottom-20\">\r\n<div class=\"content-title\">Fabriqu\u00e9 \u00e0 la main \u00e0 partir d\u2019acier industriel et de bois de palette pour garder l\u2019authenticit\u00e9.<\/div>\r\n<\/div>\r\n\r\n<\/div>\r\n\r\n<\/div>\r\n\r\n<div class=\"row row-edge  \" >\r\n\r\n<div class=\"col-md-12 col-xs-offset-0 col-sm-offset-0 col-md-offset-0 col-lg-offset-0 col-xs-pull-0 col-sm-pull-0 col-md-pull-0 col-lg-pull-0 col-xs-push-0 col-sm-push-0 col-md-push-0 col-lg-push-0\">\r\n\r\n<div class=\"row row-edge  \" >\r\n\r\n<div class=\"col-md-12 col-xs-offset-0 col-sm-offset-0 col-md-offset-0 col-lg-offset-0 col-xs-pull-0 col-sm-pull-0 col-md-pull-0 col-lg-pull-0 col-xs-push-0 col-sm-push-0 col-md-push-0 col-lg-push-0 site-content\">\r\n\r\n<section class=\"parallax-box image-parallax-box \" style=\"min-height: 300px\"><div class=\"parallax-content\">\r\n<div class=\"landing-title-futura\">ACIER + BOIS<\/div>\r\n<div class=\"clear\"><\/div><\/div><div class=\"parallax-bg\" data-parallax-type=\"image\" data-img-url=\"http:\/\/griffinworks.ca\/fr\/wp-content\/uploads\/sites\/3\/2017\/08\/Ann-Display-Case_4.jpg\" data-speed=\"1.5\" data-invert=\"\" ><\/div><\/section>\r\n\r\n<\/div>\r\n\r\n<\/div>\r\n\r\n<div class=\"row row-edge  \" >\r\n\r\n<div class=\"col-md-12 col-xs-offset-0 col-sm-offset-0 col-md-offset-0 col-lg-offset-0 col-xs-pull-0 col-sm-pull-0 col-md-pull-0 col-lg-pull-0 col-xs-push-0 col-sm-push-0 col-md-push-0 col-lg-push-0\">\r\n\r\n<div class=\"motopress-code-obj motopress-margin-top-50 motopress-margin-left-50 motopress-margin-right-50\">\r\n<div class=\"content-p\">Les trois mat\u00e9riaux de base qui sont rest\u00e9s pertinents pour le d\u00e9veloppement et l\u2019exploitation des entreprises et des industries \u00e0 Griffintown au fil des d\u00e9cennies sont le b\u00e9ton, l\u2019acier et le bois. L\u2019acier et le bois sont utilis\u00e9s pour cr\u00e9er les meubles de Griffinworks.<\/div>\r\n<div class=\"content-title\">#griffinworks \u2013 Montrez-nous votre belle maison avec les meubles Griffinworks.<\/div>\r\n<\/div>\r\n\r\n<\/div>\r\n\r\n<\/div>\r\n\r\n<\/div>\r\n\r\n<\/div>\r\n\r\n<div class=\"row row-edge  \" >\r\n\r\n<div class=\"col-xs-12 col-sm-6 col-md-3 col-lg-3 col-xs-offset-0 col-sm-offset-0 col-md-offset-0 col-lg-offset-0 col-xs-pull-0 col-sm-pull-0 col-md-pull-0 col-lg-pull-0 col-xs-push-0 col-sm-push-0 col-md-push-0 col-lg-push-0\">\r\n\r\n<div class=\"motopress-image-obj motopress-text-align-left motopress-margin-bottom-20\"><img decoding=\"async\" src=\"https:\/\/griffinworks.ca\/fr\/wp-content\/uploads\/sites\/3\/2017\/08\/Notre-Dame-Wall-Mirror_4.jpg\" title=\"Notre-Dame Wall Mirror_4\" alt=\"Notre-Dame Wall Mirror_4\" class=\"motopress-image-obj-basic mpce-dsbl-margin-left mpce-dsbl-margin-right mpce-dsbl-margin-top mpce-dsbl-margin-bottom\" \/><\/div>\r\n\r\n<\/div>\r\n\r\n<div class=\"col-xs-12 col-sm-6 col-md-3 col-lg-3 col-xs-offset-0 col-sm-offset-0 col-md-offset-0 col-lg-offset-0 col-xs-pull-0 col-sm-pull-0 col-md-pull-0 col-lg-pull-0 col-xs-push-0 col-sm-push-0 col-md-push-0 col-lg-push-0  motopress-margin-bottom-20\">\r\n\r\n<div class=\"motopress-image-obj motopress-text-align-left motopress-margin-bottom-50\"><img decoding=\"async\" src=\"https:\/\/griffinworks.ca\/fr\/wp-content\/uploads\/sites\/3\/2017\/08\/Inspector-Wine_4.jpg\" title=\"Inspector Wine_4\" alt=\"Inspector Wine_4\" class=\"motopress-image-obj-basic mpce-dsbl-margin-left mpce-dsbl-margin-right mpce-dsbl-margin-top mpce-dsbl-margin-bottom\" \/><\/div>\r\n\r\n<\/div>\r\n\r\n<div class=\"col-xs-12 col-sm-6 col-md-3 col-lg-3 col-xs-offset-0 col-sm-offset-0 col-md-offset-0 col-lg-offset-0 col-xs-pull-0 col-sm-pull-0 col-md-pull-0 col-lg-pull-0 col-xs-push-0 col-sm-push-0 col-md-push-0 col-lg-push-0  motopress-margin-bottom-20\">\r\n\r\n<div class=\"motopress-image-obj motopress-text-align-left\"><img decoding=\"async\" src=\"https:\/\/griffinworks.ca\/fr\/wp-content\/uploads\/sites\/3\/2017\/08\/Dalhousie-Headboard_2.jpg\" title=\"Dalhousie Headboard_2\" alt=\"Dalhousie Headboard_2\" class=\"motopress-image-obj-basic mpce-dsbl-margin-left mpce-dsbl-margin-right mpce-dsbl-margin-top mpce-dsbl-margin-bottom\" \/><\/div>\r\n\r\n<\/div>\r\n\r\n<div class=\"col-xs-12 col-sm-6 col-md-3 col-lg-3 col-xs-offset-0 col-sm-offset-0 col-md-offset-0 col-lg-offset-0 col-xs-pull-0 col-sm-pull-0 col-md-pull-0 col-lg-pull-0 col-xs-push-0 col-sm-push-0 col-md-push-0 col-lg-push-0  motopress-margin-bottom-20\">\r\n\r\n<div class=\"motopress-image-obj motopress-text-align-left\"><img decoding=\"async\" src=\"https:\/\/griffinworks.ca\/fr\/wp-content\/uploads\/sites\/3\/2017\/08\/Dalhousie-Bedside-Table_4.jpg\" title=\"Dalhousie Bedside Table_4\" alt=\"Dalhousie Bedside Table_4\" class=\"motopress-image-obj-basic mpce-dsbl-margin-left mpce-dsbl-margin-right mpce-dsbl-margin-top mpce-dsbl-margin-bottom\" \/><\/div>\r\n\r\n<\/div>\r\n\r\n<\/div>","protected":false},"excerpt":{"rendered":"Fabriqu\u00e9 \u00e0 la main \u00e0 partir d\u2019acier industriel et de bois de palette pour garder l\u2019authenticit\u00e9. ACIER + BOIS Les trois mat\u00e9riaux de base qui sont rest\u00e9s pertinents pour le d\u00e9veloppement et l\u2019exploitation des entreprises et des industries \u00e0 Griffintown au fil des d\u00e9cennies sont le b\u00e9ton, l\u2019acier et le bois. L\u2019acier et le bois","protected":false},"author":2,"featured_media":0,"parent":0,"menu_order":0,"comment_status":"closed","ping_status":"closed","template":"","meta":{"footnotes":""},"class_list":["post-9","page","type-page","status-publish","hentry"],"_links":{"self":[{"href":"https:\/\/griffinworks.ca\/fr\/wp-json\/wp\/v2\/pages\/9","targetHints":{"allow":["GET"]}}],"collection":[{"href":"https:\/\/griffinworks.ca\/fr\/wp-json\/wp\/v2\/pages"}],"about":[{"href":"https:\/\/griffinworks.ca\/fr\/wp-json\/wp\/v2\/types\/page"}],"author":[{"embeddable":true,"href":"https:\/\/griffinworks.ca\/fr\/wp-json\/wp\/v2\/users\/2"}],"replies":[{"embeddable":true,"href":"https:\/\/griffinworks.ca\/fr\/wp-json\/wp\/v2\/comments?post=9"}],"version-history":[{"count":53,"href":"https:\/\/griffinworks.ca\/fr\/wp-json\/wp\/v2\/pages\/9\/revisions"}],"predecessor-version":[{"id":1002,"href":"https:\/\/griffinworks.ca\/fr\/wp-json\/wp\/v2\/pages\/9\/revisions\/1002"}],"wp:attachment":[{"href":"https:\/\/griffinworks.ca\/fr\/wp-json\/wp\/v2\/media?parent=9"}],"curies":[{"name":"wp","href":"https:\/\/api.w.org\/{rel}","templated":true}]}}