{"id":778,"date":"2017-08-21T01:40:02","date_gmt":"2017-08-21T01:40:02","guid":{"rendered":"http:\/\/griffinworks.ca\/fr\/?page_id=778"},"modified":"2017-11-20T02:14:23","modified_gmt":"2017-11-20T02:14:23","slug":"subscribe","status":"publish","type":"page","link":"https:\/\/griffinworks.ca\/fr\/subscribe\/","title":{"rendered":"Inscrivez-vous"},"content":{"rendered":"<div class=\"row row-edge  \" >\r\n\r\n<div class=\"col-md-12 col-xs-offset-0 col-sm-offset-0 col-md-offset-0 col-lg-offset-0 col-xs-pull-0 col-sm-pull-0 col-md-pull-0 col-lg-pull-0 col-xs-push-0 col-sm-push-0 col-md-push-0 col-lg-push-0 site-content\">\r\n\r\n<section class=\"parallax-box image-parallax-box \" style=\"min-height: 300px\"><div class=\"parallax-content\">\r\n<div class=\"landing-title\">Inscrivez-vous \u00e0 notre liste de diffusion<\/div>\r\n<div class=\"clear\"><\/div><\/div><div class=\"parallax-bg\" data-parallax-type=\"image\" data-img-url=\"http:\/\/griffinworks.ca\/fr\/wp-content\/uploads\/sites\/3\/2017\/08\/Inspiration-Shot_2-e1501885810689.jpg\" data-speed=\"1.5\" data-invert=\"\" ><\/div><\/section>\r\n\r\n<\/div>\r\n\r\n<\/div>\r\n\r\n<div class=\"row row-edge  \" >\r\n\r\n<div class=\"col-md-12 col-xs-offset-0 col-sm-offset-0 col-md-offset-0 col-lg-offset-0 col-xs-pull-0 col-sm-pull-0 col-md-pull-0 col-lg-pull-0 col-xs-push-0 col-sm-push-0 col-md-push-0 col-lg-push-0\">\r\n\r\n<div class=\"motopress-code-obj motopress-margin-top-25 motopress-margin-bottom-25\">\r\n<div class=\"content-p\">Inscrivez-vous \u00e0 notre liste de diffusion pour recevoir des annonces sur des offres sp\u00e9ciales, des invitations aux concours et des nouvelles sur la conception de nouveaux produits. Veuillez saisir votre nom et votre adresse \u00e9lectronique ci-dessous\u00a0:<\/div>\r\n<\/div>\r\n\r\n<\/div>\r\n\r\n<\/div>\r\n\r\n<div class=\"row row-edge  \" >\r\n\r\n<div class=\"col-xs-12 col-sm-8 col-md-12 col-lg-4 col-xs-offset-0 col-sm-offset-2 col-md-offset-4 col-lg-offset-4 col-xs-pull-0 col-sm-pull-0 col-md-pull-0 col-lg-pull-0 col-xs-push-0 col-sm-push-0 col-md-push-0 col-lg-push-0\">\r\n\r\n<div class=\"motopress-embed-obj motopress-margin-left-50 motopress-margin-right-50\"><div id=\"mc_embed_signup\"><form action=\"\/\/griffinworks.us16.list-manage.com\/subscribe\/post?u=7fe8a9fa1859d526f3eecf463&amp;id=3c00b7604c\" method=\"post\" id=\"mc-embedded-subscribe-form\" name=\"mc-embedded-subscribe-form\" class=\"validate\" target=\"_blank\" novalidate>    <div id=\"mc_embed_signup_scroll\">\t<div class=\"mc-field-group\"><div>\t<label for=\"mce-FNAME\">Pr\u00e9nom  <span class=\"asterisk\">*<\/span><\/label><\/div>\t<input type=\"text\" value=\"\" name=\"FNAME\" class=\"required\" id=\"mce-FNAME\"><\/div><div class=\"mc-field-group\"><div>\t<label for=\"mce-LNAME\">Nom  <span class=\"asterisk\">*<\/span><\/label><\/div>\t<input type=\"text\" value=\"\" name=\"LNAME\" class=\"required\" id=\"mce-LNAME\"><\/div><div class=\"mc-field-group\"><div>\t<label for=\"mce-EMAIL\">Adresse Courriel<span class=\"asterisk\">*<\/span><\/label><\/div>\t<input type=\"email\" value=\"\" name=\"EMAIL\" class=\"required email\" id=\"mce-EMAIL\"><\/div><div class=\"mc-field-group size1of2\">\t<label for=\"mce-PHONE\">Num\u00e9ro de T\u00e9l\u00e9phone<\/label>    <div class=\"phonefield phonefield-us\">        (<span class=\"phonearea\"><input class=\"phonepart \" pattern=\"[0-9]*\" id=\"mce-PHONE-area\" name=\"PHONE[area]\" maxlength=\"3\" size=\"3\" value=\"\" type=\"text\"><\/span>)        <span class=\"phonedetail1\"><input class=\"phonepart \" pattern=\"[0-9]*\" id=\"mce-PHONE-detail1\" name=\"PHONE[detail1]\" maxlength=\"3\" size=\"3\" value=\"\" type=\"text\"><\/span> -         <span class=\"phonedetail2\"><input class=\"phonepart \" pattern=\"[0-9]*\" id=\"mce-PHONE-detail2\" name=\"PHONE[detail2]\" maxlength=\"4\" size=\"4\" value=\"\" type=\"text\"><\/span>    <\/div><\/div>\t<div id=\"mce-responses\" class=\"clear\">\t\t<div class=\"response\" id=\"mce-error-response\" style=\"display:none\"><\/div>\t\t<div class=\"response\" id=\"mce-success-response\" style=\"display:none\"><\/div>\t<\/div>    <!-- real people should not fill this in and expect good things - do not remove this or risk form bot signups-->    <div style=\"position: absolute; left: -5000px;\" aria-hidden=\"true\"><input type=\"text\" name=\"b_7fe8a9fa1859d526f3eecf463_3c00b7604c\" tabindex=\"-1\" value=\"\"><\/div>    <div class=\"clear\" style = \"margin-top:20px;\"><input type=\"submit\" value=\"Inscrivez-vous\" name=\"subscribe\" id=\"mc-embedded-subscribe\" class=\"button\"><\/div><div class=\"indicates-required\"><span class=\"asterisk\">*<\/span>champ obligatoire<\/div>    <\/div><\/form><\/div><\/div>\r\n\r\n<\/div>\r\n\r\n<\/div>","protected":false},"excerpt":{"rendered":"Inscrivez-vous \u00e0 notre liste de diffusion Inscrivez-vous \u00e0 notre liste de diffusion pour recevoir des annonces sur des offres sp\u00e9ciales, des invitations aux concours et des nouvelles sur la conception de nouveaux produits. Veuillez saisir votre nom et votre adresse \u00e9lectronique ci-dessous\u00a0: Pr\u00e9nom * Nom * Adresse Courriel* Num\u00e9ro de T\u00e9l\u00e9phone () &#8211; *champ obligatoire","protected":false},"author":2,"featured_media":0,"parent":0,"menu_order":0,"comment_status":"closed","ping_status":"closed","template":"","meta":{"footnotes":""},"class_list":["post-778","page","type-page","status-publish","hentry"],"_links":{"self":[{"href":"https:\/\/griffinworks.ca\/fr\/wp-json\/wp\/v2\/pages\/778","targetHints":{"allow":["GET"]}}],"collection":[{"href":"https:\/\/griffinworks.ca\/fr\/wp-json\/wp\/v2\/pages"}],"about":[{"href":"https:\/\/griffinworks.ca\/fr\/wp-json\/wp\/v2\/types\/page"}],"author":[{"embeddable":true,"href":"https:\/\/griffinworks.ca\/fr\/wp-json\/wp\/v2\/users\/2"}],"replies":[{"embeddable":true,"href":"https:\/\/griffinworks.ca\/fr\/wp-json\/wp\/v2\/comments?post=778"}],"version-history":[{"count":19,"href":"https:\/\/griffinworks.ca\/fr\/wp-json\/wp\/v2\/pages\/778\/revisions"}],"predecessor-version":[{"id":1006,"href":"https:\/\/griffinworks.ca\/fr\/wp-json\/wp\/v2\/pages\/778\/revisions\/1006"}],"wp:attachment":[{"href":"https:\/\/griffinworks.ca\/fr\/wp-json\/wp\/v2\/media?parent=778"}],"curies":[{"name":"wp","href":"https:\/\/api.w.org\/{rel}","templated":true}]}}