{"id":525,"date":"2017-08-03T04:13:42","date_gmt":"2017-08-03T04:13:42","guid":{"rendered":"http:\/\/griffinworks.ca\/fr\/?page_id=525"},"modified":"2017-11-23T19:23:28","modified_gmt":"2017-11-23T19:23:28","slug":"furnitures","status":"publish","type":"page","link":"https:\/\/griffinworks.ca\/fr\/furnitures\/","title":{"rendered":"Furniture"},"content":{"rendered":"<div class=\"row row-edge  \" >\r\n\r\n<div class=\"col-md-12 col-xs-offset-0 col-sm-offset-0 col-md-offset-0 col-lg-offset-0 col-xs-pull-0 col-sm-pull-0 col-md-pull-0 col-lg-pull-0 col-xs-push-0 col-sm-push-0 col-md-push-0 col-lg-push-0 site-content\">\r\n\r\n<section class=\"parallax-box image-parallax-box \" style=\"min-height: 300px\"><div class=\"parallax-content\">\r\n<div class=\"landing-title\">Nos Meubles<\/div>\r\n<div class=\"clear\"><\/div><\/div><div class=\"parallax-bg\" data-parallax-type=\"image\" data-img-url=\"http:\/\/griffinworks.ca\/fr\/wp-content\/uploads\/sites\/3\/2017\/08\/Inspiration-Shot_8-e1501900241495.jpg\" data-speed=\"1.5\" data-invert=\"\" ><\/div><\/section>\r\n\r\n<\/div>\r\n\r\n<\/div>\r\n\r\n<div class=\"row row-edge  \" >\r\n\r\n<div class=\"col-xs-12 col-md-3 col-xs-offset-0 col-sm-offset-0 col-md-offset-0 col-lg-offset-0 col-xs-pull-0 col-sm-pull-0 col-md-pull-0 col-lg-pull-0 col-xs-push-0 col-sm-push-0 col-md-push-0 col-lg-push-0\">\r\n\r\n<div class=\"motopress-code-obj mpce-prvt-525-5995ada56839b motopress-margin-top-50 motopress-margin-left-50 motopress-margin-right--20\">\r\n<div class=\"futura\" style=\"font-size: 20px;\"><a href=\"?id=451230980\">Afficher tout<\/a><\/div>\r\n<div class=\"futura\" style=\"font-size: 20px;\"><a href=\"?id=458869956\">Salon<\/a><\/div>\r\n<div style=\"padding-left: 1.5em;\"><a href=\"?id=458420740\">Tables basses<\/a><\/div>\r\n<div style=\"padding-left: 1.5em;\"><a href=\"?id=458420932\">Consoles \/ tables d\u2019appui<\/a><\/div>\r\n<div style=\"padding-left: 1.5em;\"><a href=\"?id=458421252\">Biblioth\u00e8ques \/ \u00e9tag\u00e8res<\/a><\/div>\r\n<div style=\"padding-left: 1.5em;\"><a href=\"?id=458421444\">Meubles multim\u00e9dia<\/a><\/div>\r\n<div style=\"padding-left: 1.5em;\"><a href=\"?id=458421508\">Miroirs<\/a><\/div>\r\n<div style=\"padding-left: 1.5em;\"><a href=\"?id=460358660\">Tables de bout<\/a><\/div>\r\n<div class=\"futura\" style=\"font-size: 20px;\"><a href=\"?id=458870340\">Cuisine + salle \u00e0 manger<\/a><\/div>\r\n<div style=\"padding-left: 1.5em;\"><a href=\"?id=458420740\">Tables basses<\/a><\/div>\r\n<div style=\"padding-left: 1.5em;\"><a href=\"?id=458420932\">Consoles \/ tables d\u2019appui<\/a><\/div>\r\n<div style=\"padding-left: 1.5em;\"><a href=\"?id=458421252\">Biblioth\u00e8ques \/ \u00e9tag\u00e8res<\/a><\/div>\r\n<div style=\"padding-left: 1.5em;\"><a href=\"?id=458421636\">\u00celots de cuisine<\/a><\/div>\r\n<div style=\"padding-left: 1.5em;\"><a href=\"?id=458421764\">Casiers \u00e0 bouteille<\/a><\/div>\r\n<div style=\"padding-left: 1.5em;\"><a href=\"?id=458421828\">Plateaux<\/a><\/div>\r\n<div style=\"padding-left: 1.5em;\"><a href=\"?id=461069124\">Tabourets<\/a><\/div>\r\n<div class=\"futura\" style=\"font-size: 20px;\"><a href=\"?id=458870980\">Chambre \u00e0 coucher<\/a><\/div>\r\n<div style=\"padding-left: 1.5em;\"><a href=\"?id=458420932\">Consoles \/ tables d\u2019appui<\/a><\/div>\r\n<div style=\"padding-left: 1.5em;\"><a href=\"?id=458421252\">Biblioth\u00e8ques \/ \u00e9tag\u00e8res<\/a><\/div>\r\n<div style=\"padding-left: 1.5em;\"><a href=\"?id=458421508\">Miroirs<\/a><\/div>\r\n<div style=\"padding-left: 1.5em;\"><a href=\"?id=458421892\">T\u00eates de lits<\/a><\/div>\r\n<div style=\"padding-left: 1.5em;\"><a href=\"?id=460358148\">Tables de nuit<\/a><\/div>\r\n<\/div>\r\n\r\n<\/div>\r\n\r\n<div class=\"col-md-9 col-xs-offset-2 col-md-offset-0 col-lg-offset-0 col-xs-pull-0 col-sm-pull-0 col-md-pull-0 col-lg-pull-0 col-xs-push-0 col-sm-push-0 col-md-push-0 col-lg-push-0\">\r\n\r\n<div class=\"motopress-embed-obj fill-space motopress-margin-top-50\"><div id='collection-component-4897f710d31'><\/div><script type=\"text\/javascript\">(function () {  var scriptURL = 'https:\/\/sdks.shopifycdn.com\/buy-button\/latest\/buy-button-storefront.min.js';  if (window.ShopifyBuy) {    if (window.ShopifyBuy.UI) {      ShopifyBuyInit();    } else {      loadScript();    }  } else {    loadScript();  }    function get(name) {            if (name = (new RegExp('[?&]' + encodeURIComponent(name) + '=([^&]*)')).exec(location.search))                return decodeURIComponent(name[1]);    }  function loadScript() {    var script = document.createElement('script');    script.async = true;    script.src = scriptURL;    (document.getElementsByTagName('head')[0] || document.getElementsByTagName('body')[0]).appendChild(script);    script.onload = ShopifyBuyInit;  }  function ShopifyBuyInit() {    var client = ShopifyBuy.buildClient({      domain: 'griffinworks.myshopify.com',      apiKey: '2c1d9ccc8d3f59b77ad8151a7e1d14f9',      appId: '6',    });    ShopifyBuy.UI.onReady(client).then(function (ui) {      if (get('id') != null) {          var id_param = get('id');      } else {           var id_param = 451230980;      }      ui.createComponent('collection', {        id: id_param,        node: document.getElementById('collection-component-4897f710d31'),        moneyFormat: '%24%7B%7Bamount%7D%7D',        options: {  \"product\": {    \"buttonDestination\": \"modal\",    \"variantId\": \"all\",    \"contents\": {      \"imgWithCarousel\": false,      \"variantTitle\": false,      \"options\": false,      \"description\": false,      \"buttonWithQuantity\": false,      \"quantity\": false    },    \"text\": {      \"button\": \"Afficher les d\u00e9tails\"    },    \"styles\": {      \"product\": {        \"@media (min-width: 601px)\": {          \"max-width\": \"calc(50% - 40px)\",          \"margin-left\": \"40px\",          \"margin-bottom\": \"50px\"        }      },      \"button\": {        \"background-color\": \"#9c8159\",        \"font-family\": \"Source Sans Pro, sans-serif\",        \":hover\": {          \"background-color\": \"#8c7450\"        },        \"border-radius\": \"15px\",        \":focus\": {          \"background-color\": \"#8c7450\"        },        \"font-weight\": \"normal\"      },      \"variantTitle\": {        \"font-family\": \"Source Sans Pro, sans-serif\",        \"font-weight\": \"normal\"      },      \"title\": {        \"font-family\": \"Playfair Display, serif\"      },      \"description\": {        \"font-family\": \"Source Sans Pro, sans-serif\",        \"font-weight\": \"normal\"      },      \"price\": {        \"font-family\": \"Source Sans Pro, sans-serif\",        \"font-weight\": \"normal\"      },      \"compareAt\": {        \"font-family\": \"Source Sans Pro, sans-serif\",        \"font-weight\": \"normal\"      }    },    \"googleFonts\": [      \"Source Sans Pro\",      \"Source Sans Pro\",      \"Playfair Display\",      \"Source Sans Pro\",      \"Source Sans Pro\",      \"Source Sans Pro\"    ]  },  \"cart\": {    \"contents\": {      \"button\": true    },    \"styles\": {      \"button\": {        \"background-color\": \"#9c8159\",        \"font-family\": \"Source Sans Pro, sans-serif\",        \":hover\": {          \"background-color\": \"#8c7450\"        },        \"border-radius\": \"15px\",        \":focus\": {          \"background-color\": \"#8c7450\"        },        \"font-weight\": \"normal\"      },      \"footer\": {        \"background-color\": \"#ffffff\"      }    },    \"googleFonts\": [      \"Source Sans Pro\"    ]  },  \"modalProduct\": {    \"contents\": {      \"img\": false,      \"imgWithCarousel\": true,      \"variantTitle\": false,      \"buttonWithQuantity\": true,      \"button\": false,      \"quantity\": false    },    \"styles\": {      \"product\": {        \"@media (min-width: 601px)\": {          \"max-width\": \"100%\",          \"margin-left\": \"0px\",          \"margin-bottom\": \"0px\"        }      },      \"button\": {        \"background-color\": \"#9c8159\",        \"font-family\": \"Source Sans Pro, sans-serif\",        \":hover\": {          \"background-color\": \"#8c7450\"        },        \"border-radius\": \"15px\",        \":focus\": {          \"background-color\": \"#8c7450\"        },        \"font-weight\": \"normal\"      },      \"variantTitle\": {        \"font-family\": \"Source Sans Pro, sans-serif\",        \"font-weight\": \"normal\"      },      \"title\": {        \"font-family\": \"Playfair Display, serif\"      },      \"description\": {        \"font-family\": \"Source Sans Pro, sans-serif\",        \"font-weight\": \"normal\"      },      \"price\": {        \"font-family\": \"Source Sans Pro, sans-serif\",        \"font-weight\": \"normal\"      },      \"compareAt\": {        \"font-family\": \"Source Sans Pro, sans-serif\",        \"font-weight\": \"normal\"      }    },    \"googleFonts\": [      \"Source Sans Pro\",      \"Source Sans Pro\",      \"Playfair Display\",      \"Source Sans Pro\",      \"Source Sans Pro\",      \"Source Sans Pro\"    ]  },  \"toggle\": {    \"styles\": {      \"toggle\": {        \"font-family\": \"Source Sans Pro, sans-serif\",        \"background-color\": \"#9c8159\",        \":hover\": {          \"background-color\": \"#8c7450\"        },        \":focus\": {          \"background-color\": \"#8c7450\"        },        \"font-weight\": \"normal\"      }    },    \"googleFonts\": [      \"Source Sans Pro\"    ]  },  \"option\": {    \"styles\": {      \"label\": {        \"font-family\": \"Source Sans Pro, sans-serif\"      },      \"select\": {        \"font-family\": \"Source Sans Pro, sans-serif\"      }    },    \"googleFonts\": [      \"Source Sans Pro\",      \"Source Sans Pro\"    ]  },  \"productSet\": {    \"styles\": {      \"products\": {        \"@media (min-width: 601px)\": {          \"margin-left\": \"-20px\"        }      }    }  }}      });    });  }})();<\/script><\/div>\r\n\r\n<\/div>\r\n\r\n<\/div>","protected":false},"excerpt":{"rendered":"Nos Meubles Afficher tout Salon Tables basses Consoles \/ tables d\u2019appui Biblioth\u00e8ques \/ \u00e9tag\u00e8res Meubles multim\u00e9dia Miroirs Tables de bout Cuisine + salle \u00e0 manger Tables basses Consoles \/ tables d\u2019appui Biblioth\u00e8ques \/ \u00e9tag\u00e8res \u00celots de cuisine Casiers \u00e0 bouteille Plateaux Tabourets Chambre \u00e0 coucher Consoles \/ tables d\u2019appui Biblioth\u00e8ques \/ \u00e9tag\u00e8res Miroirs T\u00eates de","protected":false},"author":2,"featured_media":0,"parent":0,"menu_order":0,"comment_status":"closed","ping_status":"closed","template":"","meta":{"footnotes":""},"class_list":["post-525","page","type-page","status-publish","hentry"],"_links":{"self":[{"href":"https:\/\/griffinworks.ca\/fr\/wp-json\/wp\/v2\/pages\/525","targetHints":{"allow":["GET"]}}],"collection":[{"href":"https:\/\/griffinworks.ca\/fr\/wp-json\/wp\/v2\/pages"}],"about":[{"href":"https:\/\/griffinworks.ca\/fr\/wp-json\/wp\/v2\/types\/page"}],"author":[{"embeddable":true,"href":"https:\/\/griffinworks.ca\/fr\/wp-json\/wp\/v2\/users\/2"}],"replies":[{"embeddable":true,"href":"https:\/\/griffinworks.ca\/fr\/wp-json\/wp\/v2\/comments?post=525"}],"version-history":[{"count":71,"href":"https:\/\/griffinworks.ca\/fr\/wp-json\/wp\/v2\/pages\/525\/revisions"}],"predecessor-version":[{"id":1013,"href":"https:\/\/griffinworks.ca\/fr\/wp-json\/wp\/v2\/pages\/525\/revisions\/1013"}],"wp:attachment":[{"href":"https:\/\/griffinworks.ca\/fr\/wp-json\/wp\/v2\/media?parent=525"}],"curies":[{"name":"wp","href":"https:\/\/api.w.org\/{rel}","templated":true}]}}