{"id":30,"date":"2017-07-31T23:08:41","date_gmt":"2017-07-31T23:08:41","guid":{"rendered":"http:\/\/griffinworks.ca\/fr\/?page_id=30"},"modified":"2018-11-18T01:48:37","modified_gmt":"2018-11-18T01:48:37","slug":"how-to-order","status":"publish","type":"page","link":"https:\/\/griffinworks.ca\/fr\/how-to-order\/","title":{"rendered":"Comment commander"},"content":{"rendered":"<div class=\"row row-edge  \" >\r\n\r\n<div class=\"col-md-12 col-xs-offset-0 col-sm-offset-0 col-md-offset-0 col-lg-offset-0 col-xs-pull-0 col-sm-pull-0 col-md-pull-0 col-lg-pull-0 col-xs-push-0 col-sm-push-0 col-md-push-0 col-lg-push-0 site-content\">\r\n\r\n<section class=\"parallax-box image-parallax-box \" style=\"min-height: 300px\"><div class=\"parallax-content\">\r\n<div class=\"landing-title\">Comment commander<\/div>\r\n<div class=\"clear\"><\/div><\/div><div class=\"parallax-bg\" data-parallax-type=\"image\" data-img-url=\"http:\/\/griffinworks.ca\/fr\/wp-content\/uploads\/sites\/3\/2017\/08\/Inspector-Wine_5.jpg\" data-speed=\"1.5\" data-invert=\"\" ><\/div><\/section>\r\n\r\n<\/div>\r\n\r\n<\/div>\r\n\r\n<div class=\"row row-edge  \" >\r\n\r\n<div class=\"col-md-12 col-xs-offset-0 col-sm-offset-0 col-md-offset-0 col-lg-offset-0 col-xs-pull-0 col-sm-pull-0 col-md-pull-0 col-lg-pull-0 col-xs-push-0 col-sm-push-0 col-md-push-0 col-lg-push-0\">\r\n\r\n<div class=\"motopress-code-obj motopress-margin-top-20\">\r\n<div class=\"content-p\">\r\n\r\nGriffinworks<sup>TM<\/sup> ne conserve pas d\u2019inventaire et accepte uniquement des commandes personnalis\u00e9es pour les meubles. Les commandes se font \u00e0 partir des mod\u00e8les des prototypes affich\u00e9s sur la page des meubles du site Web griffinworks.ca. Griffinworks utilisera ces prototypes comme guide, et travaillera avec vous pour produire des pi\u00e8ces personnalis\u00e9es qui conviendront \u00e0 vos exigences en mati\u00e8re de style, taille et couleur. En g\u00e9n\u00e9ral, il y a deux \u00e0 trois semaines entre le moment o\u00f9 la commande est pass\u00e9e et la livraison. Pour que Griffinworks accepte votre commande, vous devez \u00eatre dans la grande r\u00e9gion de Montr\u00e9al. (Pr\u00e9sentement, nous n\u2019avons pas la capacit\u00e9 de livrer \u00e0 plus de 25\u00a0km de l\u2019\u00eele de Montr\u00e9al.) Pour passer votre commande, veuillez vous rendre sur la page des meubles sur ce site Web et faire votre s\u00e9lection. Un acompte de 50\u00a0% du prix complet de l\u2019article sera port\u00e9 \u00e0 votre carte de cr\u00e9dit lorsque vous passerez votre commande. Le solde de 50\u00a0%, plus les frais de livraison s\u2019il y a lieu, seront exigibles \u00e0 la livraison. Lorsque votre commande et votre acompte seront trait\u00e9s, vous recevrez un courriel de confirmation.\r\n\r\n<\/div>\r\n<\/div>\r\n\r\n<\/div>\r\n\r\n<\/div>\r\n\r\n<div class=\"row row-edge  \" >\r\n\r\n<div class=\"col-md-12 col-xs-offset-0 col-sm-offset-0 col-md-offset-0 col-lg-offset-0 col-xs-pull-0 col-sm-pull-0 col-md-pull-0 col-lg-pull-0 col-xs-push-0 col-sm-push-0 col-md-push-0 col-lg-push-0\">\r\n\r\n<div class=\"row row-edge  \" >\r\n\r\n<div class=\"col-xs-12 col-md-7\">\r\n\r\n<div class=\"motopress-code-obj\">\r\n<div class=\"content-title\">Choix de finition du bois\u00a0:<\/div>\r\n<div class=\"content-p\">Il y a trois choix possibles pour le bois, comme illustr\u00e9 dans la photo adjacente\u00a0:<\/div>\r\n<ol class=\"content-p\">\r\n \t<li>Teinte de cerisier antique (clair)<\/li>\r\n \t<li>Bois naturel<\/li>\r\n \t<li>Teinte de ch\u00eane brun (clair)<\/li>\r\n<\/ol>\r\n<div class=\"content-p\">Tous les bois de Griffinworks sont prot\u00e9g\u00e9s avec 4 \u00e0 5 couches de vernis transparent, de qualit\u00e9, durable, non toxique et \u00e0 base d\u2019eau.<\/div>\r\n<div><\/div>\r\n<div>\r\n<div class=\"content-p\">Lorsque vous aurez d\u00e9cid\u00e9 la couleur, vous pourrez aller vers la page des meubles et passer votre commande d\u00e9taill\u00e9e.<\/div>\r\n<div class=\"content-p\">REMARQUE\u00a0: Pour toute autre chose que la couleur, vous pourrez sp\u00e9cifier vos exigences d\u00e9taill\u00e9es durant le processus de commande \u00e0 la page des meubles.<\/div>\r\n<\/div>\r\n<\/div>\r\n\r\n<\/div>\r\n\r\n<div class=\"col-xs-12 col-md-5\">\r\n\r\n<div class=\"motopress-image-obj motopress-text-align-left motopress-margin-top-20\"><img decoding=\"async\" src=\"https:\/\/griffinworks.ca\/fr\/wp-content\/uploads\/sites\/3\/2017\/07\/About-images-x-2-03-1.jpg\" title=\"About images x 2-03-1\" alt=\"About images x 2-03-1\" class=\"motopress-image-obj-basic mpce-dsbl-margin-left mpce-dsbl-margin-right mpce-dsbl-margin-top mpce-dsbl-margin-bottom\" \/><\/div>\r\n\r\n<\/div>\r\n\r\n<\/div>\r\n\r\n<div class=\"row row-edge  \" >\r\n\r\n<div class=\"col-xs-12 col-sm-6 col-md-12 col-lg-6 col-xs-offset-0 col-sm-offset-3 col-md-offset-3 col-lg-offset-3 col-xs-pull-0 col-sm-pull-0 col-md-pull-0 col-lg-pull-0 col-xs-push-0 col-sm-push-0 col-md-push-0 col-lg-push-0  motopress-margin-top-20\">\r\n\r\n<div class=\"motopress-code-obj\">\r\n<p style=\"text-align: center;\">&#8220;The trays I purchased from Griffinworks were both beautiful and sturdy! Built to last for\r\nyears to come. Shaun was extremely friendly and helpful throughout the entire process. He\r\nanswered all of my questions promptly and was a pleasure to work with.&#8221;\r\n-Erin L., New York, New York<\/p>\r\n<p style=\"text-align: center;\">\u201cShaun, we&#8217;re really happy with the end table! The wife loves it!\u00a0\u00a0Your customer service was great, with really quick turnaround from the order to the delivery.\u201d\u00a0-Jean-Francois K., Montreal (Griffintown)<\/p>\r\n<p style=\"text-align: center;\">&#8220;Ordered the Peel Table at the end of October. Shaun was extremely accommodating with a few modifications to the original model. Also kept me informed with progress throughout the process with pictures, as I was out of the country.\u00a0 The end result surpassed my expectations!\u00a0 The table looks great and it&#8217;s always nice to encourage local business. I would recommend Griffinworks on any given day. &#8221;\u00a0 &#8211; Jeremie Yelle, Montreal (St.-Henri)<\/p>\r\n<p style=\"text-align: center;\">We ordered the Notre-Dame Wall Mirror from Shaun and couldn&#8217;t be more pleased with the entire process from start to finish. It&#8217;s a beautifully handcrafted item and Shaun gladly assisted in customizing the mirror further to fit our space perfectly.\u00a0 Griffinworks is highly recommended!\u00a0 &#8211;\u00a0 \u00a0Matt &amp; Dani,\u00a0 Montreal (St.-Henri)<\/p>\r\n<\/div>\r\n\r\n<\/div>\r\n\r\n<\/div>\r\n\r\n<div class=\"row row-edge  \" >\r\n\r\n<div class=\"col-md-12 col-xs-offset-0 col-sm-offset-0 col-md-offset-0 col-lg-offset-0 col-xs-pull-0 col-sm-pull-0 col-md-pull-0 col-lg-pull-0 col-xs-push-0 col-sm-push-0 col-md-push-0 col-lg-push-0\">\r\n\r\n<div class=\"aligncenter  motopress-margin-top-20-wrapper\"><a class=\"cherry-btn cherry-btn-primary cherry-btn-medium cherry-btn-inline cherry-btn-fade  motopress-margin-top-20\" target=\"_self\" href=\"http:\/\/griffinworks.ca\/furnitures\/\">Place order<\/a><\/div>\r\n\r\n<\/div>\r\n\r\n<\/div>\r\n\r\n<div class=\"row row-edge  \" >\r\n\r\n<div class=\"col-md-12\">\r\n\r\n<div class=\"motopress-code-obj\">\r\n<div class=\"content-p\" style=\"text-align: center;\"><strong>IMPORTANT:\u00a0<\/strong>\u00a0Lorsque vous passez votre commande, utilisez le code de rabais DEPOSIT50 pour payer seulement l\u2019acompte initial de 50\u00a0%.<\/div>\r\n<\/div>\r\n\r\n<\/div>\r\n\r\n<\/div>\r\n\r\n<\/div>\r\n\r\n<\/div>","protected":false},"excerpt":{"rendered":"Comment commander GriffinworksTM ne conserve pas d\u2019inventaire et accepte uniquement des commandes personnalis\u00e9es pour les meubles. Les commandes se font \u00e0 partir des mod\u00e8les des prototypes affich\u00e9s sur la page des meubles du site Web griffinworks.ca. Griffinworks utilisera ces prototypes comme guide, et travaillera avec vous pour produire des pi\u00e8ces personnalis\u00e9es qui conviendront \u00e0 vos","protected":false},"author":2,"featured_media":0,"parent":0,"menu_order":0,"comment_status":"closed","ping_status":"closed","template":"","meta":{"footnotes":""},"class_list":["post-30","page","type-page","status-publish","hentry"],"_links":{"self":[{"href":"https:\/\/griffinworks.ca\/fr\/wp-json\/wp\/v2\/pages\/30","targetHints":{"allow":["GET"]}}],"collection":[{"href":"https:\/\/griffinworks.ca\/fr\/wp-json\/wp\/v2\/pages"}],"about":[{"href":"https:\/\/griffinworks.ca\/fr\/wp-json\/wp\/v2\/types\/page"}],"author":[{"embeddable":true,"href":"https:\/\/griffinworks.ca\/fr\/wp-json\/wp\/v2\/users\/2"}],"replies":[{"embeddable":true,"href":"https:\/\/griffinworks.ca\/fr\/wp-json\/wp\/v2\/comments?post=30"}],"version-history":[{"count":87,"href":"https:\/\/griffinworks.ca\/fr\/wp-json\/wp\/v2\/pages\/30\/revisions"}],"predecessor-version":[{"id":1023,"href":"https:\/\/griffinworks.ca\/fr\/wp-json\/wp\/v2\/pages\/30\/revisions\/1023"}],"wp:attachment":[{"href":"https:\/\/griffinworks.ca\/fr\/wp-json\/wp\/v2\/media?parent=30"}],"curies":[{"name":"wp","href":"https:\/\/api.w.org\/{rel}","templated":true}]}}